{"id":59,"date":"2017-04-12T14:48:37","date_gmt":"2017-04-12T12:48:37","guid":{"rendered":"https:\/\/castelgrande.ch\/?page_id=59"},"modified":"2026-04-29T14:43:20","modified_gmt":"2026-04-29T12:43:20","slug":"ristorante-castelgrande","status":"publish","type":"page","link":"https:\/\/castelgrande.ch\/?page_id=59","title":{"rendered":"Ristorante Castelgrande"},"content":{"rendered":"<p>[et_pb_section fb_built=&#8221;1&#8243; fullwidth=&#8221;on&#8221; _builder_version=&#8221;4.16&#8243; custom_padding=&#8221;0px|0px|0px|0px&#8221; hover_transition_duration=&#8221;500ms&#8221; hover_transition_delay=&#8221;100ms&#8221; transparent_background=&#8221;off&#8221; global_colors_info=&#8221;{}&#8221;][et_pb_fullwidth_slider _builder_version=&#8221;4.27.4&#8243; header_text_align=&#8221;center&#8221; body_text_align=&#8221;center&#8221; background_size=&#8221;initial&#8221; background_position=&#8221;top_left&#8221; max_width=&#8221;100%&#8221; custom_padding=&#8221;|||&#8221; auto=&#8221;on&#8221; auto_speed=&#8221;3000&#8243; hover_transition_duration=&#8221;0ms&#8221; hover_transition_speed_curve_tablet=&#8221;&#8221; hover_transition_speed_curve_phone=&#8221;&#8221; hover_transition_speed_curve_last_edited=&#8221;on|desktop&#8221; show_inner_shadow=&#8221;on&#8221; global_module=&#8221;3268&#8243; saved_tabs=&#8221;all&#8221; global_colors_info=&#8221;{}&#8221; button_text_size__hover_enabled=&#8221;off&#8221; button_text_size__hover=&#8221;null&#8221; button_one_text_size__hover_enabled=&#8221;off&#8221; button_one_text_size__hover=&#8221;null&#8221; button_two_text_size__hover_enabled=&#8221;off&#8221; button_two_text_size__hover=&#8221;null&#8221; button_text_color__hover_enabled=&#8221;off&#8221; button_text_color__hover=&#8221;null&#8221; button_one_text_color__hover_enabled=&#8221;off&#8221; button_one_text_color__hover=&#8221;null&#8221; button_two_text_color__hover_enabled=&#8221;off&#8221; button_two_text_color__hover=&#8221;null&#8221; button_border_width__hover_enabled=&#8221;off&#8221; button_border_width__hover=&#8221;null&#8221; button_one_border_width__hover_enabled=&#8221;off&#8221; button_one_border_width__hover=&#8221;null&#8221; button_two_border_width__hover_enabled=&#8221;off&#8221; button_two_border_width__hover=&#8221;null&#8221; button_border_color__hover_enabled=&#8221;off&#8221; button_border_color__hover=&#8221;null&#8221; button_one_border_color__hover_enabled=&#8221;off&#8221; button_one_border_color__hover=&#8221;null&#8221; button_two_border_color__hover_enabled=&#8221;off&#8221; button_two_border_color__hover=&#8221;null&#8221; button_border_radius__hover_enabled=&#8221;off&#8221; button_border_radius__hover=&#8221;null&#8221; button_one_border_radius__hover_enabled=&#8221;off&#8221; button_one_border_radius__hover=&#8221;null&#8221; button_two_border_radius__hover_enabled=&#8221;off&#8221; button_two_border_radius__hover=&#8221;null&#8221; button_letter_spacing__hover_enabled=&#8221;off&#8221; button_letter_spacing__hover=&#8221;null&#8221; button_one_letter_spacing__hover_enabled=&#8221;off&#8221; button_one_letter_spacing__hover=&#8221;null&#8221; button_two_letter_spacing__hover_enabled=&#8221;off&#8221; button_two_letter_spacing__hover=&#8221;null&#8221; button_bg_color__hover_enabled=&#8221;off&#8221; button_bg_color__hover=&#8221;null&#8221; button_one_bg_color__hover_enabled=&#8221;off&#8221; button_one_bg_color__hover=&#8221;null&#8221; button_two_bg_color__hover_enabled=&#8221;off&#8221; button_two_bg_color__hover=&#8221;null&#8221;][et_pb_slide use_bg_overlay=&#8221;off&#8221; use_text_overlay=&#8221;off&#8221; _builder_version=&#8221;4.16&#8243; header_font=&#8221;||||&#8221; body_font=&#8221;||||&#8221; background_color=&#8221;#ffffff&#8221; background_image=&#8221;https:\/\/castelgrande.ch\/wp-content\/uploads\/2021\/12\/IMG_7857.jpg&#8221; background_enable_image=&#8221;on&#8221; button_on_hover=&#8221;on&#8221; hover_transition_duration=&#8221;0ms&#8221; custom_css_main_element=&#8221;background-position: center !important;||background-size: 100% !important;&#8221; global_colors_info=&#8221;{}&#8221; button_text_size__hover_enabled=&#8221;off&#8221; button_one_text_size__hover_enabled=&#8221;off&#8221; button_two_text_size__hover_enabled=&#8221;off&#8221; button_text_color__hover_enabled=&#8221;off&#8221; button_one_text_color__hover_enabled=&#8221;off&#8221; button_two_text_color__hover_enabled=&#8221;off&#8221; button_border_width__hover_enabled=&#8221;off&#8221; button_one_border_width__hover_enabled=&#8221;off&#8221; button_two_border_width__hover_enabled=&#8221;off&#8221; button_border_color__hover_enabled=&#8221;off&#8221; button_one_border_color__hover_enabled=&#8221;off&#8221; button_two_border_color__hover_enabled=&#8221;off&#8221; button_border_radius__hover_enabled=&#8221;off&#8221; button_one_border_radius__hover_enabled=&#8221;off&#8221; button_two_border_radius__hover_enabled=&#8221;off&#8221; button_letter_spacing__hover_enabled=&#8221;off&#8221; button_one_letter_spacing__hover_enabled=&#8221;off&#8221; button_two_letter_spacing__hover_enabled=&#8221;off&#8221; button_bg_color__hover_enabled=&#8221;off&#8221; button_one_bg_color__hover_enabled=&#8221;off&#8221; button_two_bg_color__hover_enabled=&#8221;off&#8221; sticky_transition=&#8221;on&#8221;][\/et_pb_slide][et_pb_slide use_bg_overlay=&#8221;off&#8221; use_text_overlay=&#8221;off&#8221; _builder_version=&#8221;4.27.4&#8243; header_font=&#8221;||||&#8221; body_font=&#8221;||||&#8221; background_color=&#8221;#ffffff&#8221; background_image=&#8221;https:\/\/castelgrande.ch\/wp-content\/uploads\/2025\/03\/Mignon-di-vitello-svizzero-scarola-brasata-e-primizie-di-piselli-HD-scaled.jpg&#8221; background_enable_image=&#8221;on&#8221; button_on_hover=&#8221;on&#8221; hover_transition_duration=&#8221;0ms&#8221; custom_css_main_element=&#8221;background-position: center !important;||background-size: 100% !important;&#8221; global_colors_info=&#8221;{}&#8221; button_text_size__hover_enabled=&#8221;off&#8221; button_one_text_size__hover_enabled=&#8221;off&#8221; button_two_text_size__hover_enabled=&#8221;off&#8221; button_text_color__hover_enabled=&#8221;off&#8221; button_one_text_color__hover_enabled=&#8221;off&#8221; button_two_text_color__hover_enabled=&#8221;off&#8221; button_border_width__hover_enabled=&#8221;off&#8221; button_one_border_width__hover_enabled=&#8221;off&#8221; button_two_border_width__hover_enabled=&#8221;off&#8221; button_border_color__hover_enabled=&#8221;off&#8221; button_one_border_color__hover_enabled=&#8221;off&#8221; button_two_border_color__hover_enabled=&#8221;off&#8221; button_border_radius__hover_enabled=&#8221;off&#8221; button_one_border_radius__hover_enabled=&#8221;off&#8221; button_two_border_radius__hover_enabled=&#8221;off&#8221; button_letter_spacing__hover_enabled=&#8221;off&#8221; button_one_letter_spacing__hover_enabled=&#8221;off&#8221; button_two_letter_spacing__hover_enabled=&#8221;off&#8221; button_bg_color__hover_enabled=&#8221;off&#8221; button_one_bg_color__hover_enabled=&#8221;off&#8221; button_two_bg_color__hover_enabled=&#8221;off&#8221; sticky_transition=&#8221;on&#8221;][\/et_pb_slide][et_pb_slide use_bg_overlay=&#8221;off&#8221; use_text_overlay=&#8221;off&#8221; _builder_version=&#8221;4.27.4&#8243; header_font=&#8221;||||&#8221; body_font=&#8221;||||&#8221; background_color=&#8221;#ffffff&#8221; background_image=&#8221;https:\/\/castelgrande.ch\/wp-content\/uploads\/2025\/03\/Tagliolini-ritaglio.png&#8221; background_enable_image=&#8221;on&#8221; button_on_hover=&#8221;on&#8221; hover_transition_duration=&#8221;0ms&#8221; custom_css_main_element=&#8221;background-position: center !important;||background-size: 100% !important;&#8221; global_colors_info=&#8221;{}&#8221; button_text_size__hover_enabled=&#8221;off&#8221; button_one_text_size__hover_enabled=&#8221;off&#8221; button_two_text_size__hover_enabled=&#8221;off&#8221; button_text_color__hover_enabled=&#8221;off&#8221; button_one_text_color__hover_enabled=&#8221;off&#8221; button_two_text_color__hover_enabled=&#8221;off&#8221; button_border_width__hover_enabled=&#8221;off&#8221; button_one_border_width__hover_enabled=&#8221;off&#8221; button_two_border_width__hover_enabled=&#8221;off&#8221; button_border_color__hover_enabled=&#8221;off&#8221; button_one_border_color__hover_enabled=&#8221;off&#8221; button_two_border_color__hover_enabled=&#8221;off&#8221; button_border_radius__hover_enabled=&#8221;off&#8221; button_one_border_radius__hover_enabled=&#8221;off&#8221; button_two_border_radius__hover_enabled=&#8221;off&#8221; button_letter_spacing__hover_enabled=&#8221;off&#8221; button_one_letter_spacing__hover_enabled=&#8221;off&#8221; button_two_letter_spacing__hover_enabled=&#8221;off&#8221; button_bg_color__hover_enabled=&#8221;off&#8221; button_one_bg_color__hover_enabled=&#8221;off&#8221; button_two_bg_color__hover_enabled=&#8221;off&#8221; sticky_transition=&#8221;on&#8221;][\/et_pb_slide][et_pb_slide use_bg_overlay=&#8221;off&#8221; use_text_overlay=&#8221;off&#8221; _builder_version=&#8221;4.16&#8243; header_font=&#8221;||||&#8221; body_font=&#8221;||||&#8221; background_color=&#8221;#ffffff&#8221; background_image=&#8221;https:\/\/castelgrande.ch\/wp-content\/uploads\/2021\/12\/IMG_78912.jpg&#8221; background_enable_image=&#8221;on&#8221; button_on_hover=&#8221;on&#8221; hover_transition_duration=&#8221;0ms&#8221; custom_css_main_element=&#8221;background-position: center !important;||background-size: 100% !important;&#8221; global_colors_info=&#8221;{}&#8221; button_text_size__hover_enabled=&#8221;off&#8221; button_one_text_size__hover_enabled=&#8221;off&#8221; button_two_text_size__hover_enabled=&#8221;off&#8221; button_text_color__hover_enabled=&#8221;off&#8221; button_one_text_color__hover_enabled=&#8221;off&#8221; button_two_text_color__hover_enabled=&#8221;off&#8221; button_border_width__hover_enabled=&#8221;off&#8221; button_one_border_width__hover_enabled=&#8221;off&#8221; button_two_border_width__hover_enabled=&#8221;off&#8221; button_border_color__hover_enabled=&#8221;off&#8221; button_one_border_color__hover_enabled=&#8221;off&#8221; button_two_border_color__hover_enabled=&#8221;off&#8221; button_border_radius__hover_enabled=&#8221;off&#8221; button_one_border_radius__hover_enabled=&#8221;off&#8221; button_two_border_radius__hover_enabled=&#8221;off&#8221; button_letter_spacing__hover_enabled=&#8221;off&#8221; button_one_letter_spacing__hover_enabled=&#8221;off&#8221; button_two_letter_spacing__hover_enabled=&#8221;off&#8221; button_bg_color__hover_enabled=&#8221;off&#8221; button_one_bg_color__hover_enabled=&#8221;off&#8221; button_two_bg_color__hover_enabled=&#8221;off&#8221; sticky_transition=&#8221;on&#8221;][\/et_pb_slide][\/et_pb_fullwidth_slider][et_pb_fullwidth_code _builder_version=&#8221;4.16&#8243; saved_tabs=&#8221;all&#8221; global_colors_info=&#8221;{}&#8221; button_text_size__hover_enabled=&#8221;off&#8221; button_text_size__hover=&#8221;null&#8221; button_one_text_size__hover_enabled=&#8221;off&#8221; button_one_text_size__hover=&#8221;null&#8221; button_two_text_size__hover_enabled=&#8221;off&#8221; button_two_text_size__hover=&#8221;null&#8221; button_text_color__hover_enabled=&#8221;off&#8221; button_text_color__hover=&#8221;null&#8221; button_one_text_color__hover_enabled=&#8221;off&#8221; button_one_text_color__hover=&#8221;null&#8221; button_two_text_color__hover_enabled=&#8221;off&#8221; button_two_text_color__hover=&#8221;null&#8221; button_border_width__hover_enabled=&#8221;off&#8221; button_border_width__hover=&#8221;null&#8221; button_one_border_width__hover_enabled=&#8221;off&#8221; button_one_border_width__hover=&#8221;null&#8221; button_two_border_width__hover_enabled=&#8221;off&#8221; button_two_border_width__hover=&#8221;null&#8221; button_border_color__hover_enabled=&#8221;off&#8221; button_border_color__hover=&#8221;null&#8221; button_one_border_color__hover_enabled=&#8221;off&#8221; button_one_border_color__hover=&#8221;null&#8221; button_two_border_color__hover_enabled=&#8221;off&#8221; button_two_border_color__hover=&#8221;null&#8221; button_border_radius__hover_enabled=&#8221;off&#8221; button_border_radius__hover=&#8221;null&#8221; button_one_border_radius__hover_enabled=&#8221;off&#8221; button_one_border_radius__hover=&#8221;null&#8221; button_two_border_radius__hover_enabled=&#8221;off&#8221; button_two_border_radius__hover=&#8221;null&#8221; button_letter_spacing__hover_enabled=&#8221;off&#8221; button_letter_spacing__hover=&#8221;null&#8221; button_one_letter_spacing__hover_enabled=&#8221;off&#8221; button_one_letter_spacing__hover=&#8221;null&#8221; button_two_letter_spacing__hover_enabled=&#8221;off&#8221; button_two_letter_spacing__hover=&#8221;null&#8221; button_bg_color__hover_enabled=&#8221;off&#8221; button_bg_color__hover=&#8221;null&#8221; button_one_bg_color__hover_enabled=&#8221;off&#8221; button_one_bg_color__hover=&#8221;null&#8221; button_two_bg_color__hover_enabled=&#8221;off&#8221; button_two_bg_color__hover=&#8221;null&#8221;]<\/p>\n<div style=\"height: 5px; background-color: #948953;\"><\/div>\n<p>[\/et_pb_fullwidth_code][\/et_pb_section][et_pb_section fb_built=&#8221;1&#8243; admin_label=&#8221;section&#8221; _builder_version=&#8221;4.16&#8243; global_colors_info=&#8221;{}&#8221;][et_pb_row _builder_version=&#8221;4.25.0&#8243; background_size=&#8221;initial&#8221; background_position=&#8221;top_left&#8221; background_repeat=&#8221;repeat&#8221; module_alignment=&#8221;center&#8221; locked=&#8221;off&#8221; global_colors_info=&#8221;{}&#8221;][et_pb_column type=&#8221;4_4&#8243; _builder_version=&#8221;4.16&#8243; custom_padding=&#8221;|||&#8221; global_colors_info=&#8221;{}&#8221; custom_padding__hover=&#8221;|||&#8221;][et_pb_text _builder_version=&#8221;4.16&#8243; header_text_color=&#8221;#948953&#8243; background_size=&#8221;initial&#8221; background_position=&#8221;top_left&#8221; background_repeat=&#8221;repeat&#8221; min_height=&#8221;29.8px&#8221; use_border_color=&#8221;off&#8221; saved_tabs=&#8221;all&#8221; inline_fonts=&#8221;ABeeZee&#8221; global_colors_info=&#8221;{}&#8221;]<\/p>\n<h1 style=\"font-size: 50px; text-align: center;\"><span style=\"font-family: ABeeZee; font-weight: normal;\">Ristorante Castelgrande<\/span><\/h1>\n<h1 style=\"font-size: 50px; text-align: center;\"><span style=\"font-size: x-large; color: #000000;\"><em style=\"font-family: ABeeZee;\">gi\u00e0 vissuto un&#8217;esperienza gastronomica in un castello?<\/em><\/span><\/h1>\n<p>&nbsp;<\/p>\n<blockquote><\/blockquote>\n<p>[\/et_pb_text][et_pb_code _builder_version=&#8221;4.27.4&#8243; _module_preset=&#8221;default&#8221; min_height=&#8221;10px&#8221; custom_margin=&#8221;||17px|||&#8221; global_colors_info=&#8221;{}&#8221;]<\/p>\n<div id=\"rist-cast-loghi\"><!-- [et_pb_line_break_holder] -->  <img decoding=\"async\" src=\"\/wp-content\/uploads\/2023\/10\/Falstaff-logo-2023.png\" alt=\"logo2\" style=\"height:45px;\"><!-- [et_pb_line_break_holder] -->  <img decoding=\"async\" src=\"\/wp-content\/uploads\/2022\/04\/guide-bleu-450x286-1.png\" alt=\"logo3\" style=\"width:140px\"><!-- [et_pb_line_break_holder] --> <img decoding=\"async\" src=\"wp-content\/uploads\/2023\/10\/Logo-GaultMillau-15pt-2023.png\"alt=\"logo4\" style=\"height:85px;\"<!-- [et_pb_line_break_holder] --><\/div>\n<p>[\/et_pb_code][et_pb_code _builder_version=&#8221;4.16.1&#8243; _module_preset=&#8221;default&#8221; global_colors_info=&#8221;{}&#8221;][\/et_pb_code][et_pb_text _builder_version=&#8221;4.27.4&#8243; _module_preset=&#8221;default&#8221; min_height=&#8221;220.3px&#8221; custom_margin=&#8221;||||false|false&#8221; custom_padding=&#8221;||||false|false&#8221; inline_fonts=&#8221;ABeeZee&#8221; global_colors_info=&#8221;{}&#8221;]<\/p>\n<p style=\"text-align: justify;\"><span style=\"font-size: large;\"><strong>Ristorante Castelgrande<\/strong>, citato dalle guide gastronomiche Gault Millau con 15 punti, Guide Bleu con 7\/10 e Falstaff con 89\/100 (fino a 40 ospiti), propone una cucina gastronomica che unisce tradizione e innovazione, con un focus sulla qualit\u00e0 degli ingredienti e la stagionalit\u00e0. I suoi piatti raffinati combinano tecnica e creativit\u00e0, rispettando le tradizioni locali mentre esplorano nuovi sapori. <\/span><\/p>\n<p style=\"text-align: justify;\"><span style=\"font-size: large;\">Tra le nostre specialit\u00e0, proponiamo tre percorsi gastronomici: <em>Sapori di mare e laghi<\/em>, <em>Sapori della terra e Delizie vegetali.<\/em><\/span><\/p>\n<p style=\"text-align: justify;\"><span style=\"font-size: large;\">Proponiamo anche le nostre grosse-pi\u00e8ces di carne e pesci interi, tranciati e sfilettati direttamente davanti a voi <\/span><span style=\"background-color: #ffffff; font-size: large;\">(disponibili con pre-ordine di 48 ore)<\/span><\/p>\n<p style=\"text-align: justify;\"><span style=\"font-size: large;\">Su richiesta, potrete anche riscoprire l&#8217;arte del flamb\u00e9 con le Cr\u00eapes Suzette, preparate al vostro tavolo come dessert per un&#8217;esperienza indimenticabile.<\/span><\/p>\n<p style=\"text-align: justify;\"><span style=\"font-size: large; font-family: ABeeZee;\"><\/span><\/p>\n<h4><span style=\"font-size: large; font-family: ABeeZee;\"><\/span><\/h4>\n<p>[\/et_pb_text][et_pb_text _builder_version=&#8221;4.27.4&#8243; _module_preset=&#8221;default&#8221; min_height=&#8221;79px&#8221; custom_margin=&#8221;-50px||-41px||false|false&#8221; custom_padding=&#8221;||2px||false|false&#8221; inline_fonts=&#8221;ABeeZee&#8221; global_colors_info=&#8221;{}&#8221;]<\/p>\n<h4 style=\"text-align: center;\"><\/h4>\n<h4 style=\"text-align: center;\"><strong>APERTO SU RISERVAZIONE<\/strong><\/h4>\n<h4 style=\"text-align: center;\"><strong> Gioved\u00ec &#8211; Sabato: 19:00 &#8211; 24:00<\/strong><\/h4>\n<h4 style=\"text-align: center;\"><strong>Ultimo ordine alle 21:00\u00a0<\/strong><\/h4>\n<p><strong><\/strong><\/p>\n<p><strong><\/strong><\/p>\n<h4 style=\"text-align: center;\"><span><strong><\/strong><\/span><\/h4>\n<h4 style=\"text-align: center;\"><span><strong><\/strong><\/span><\/h4>\n<h4 style=\"text-align: center;\"><\/h4>\n<p><span style=\"font-family: ABeeZee; font-weight: normal;\"><strong><\/strong><\/span><\/p>\n<p>[\/et_pb_text][et_pb_image src=&#8221;https:\/\/castelgrande.ch\/wp-content\/uploads\/2024\/05\/OKGO-con-testo-1-300&#215;160.png&#8221; title_text=&#8221;OKGO-con-testo&#8221; url=&#8221;https:\/\/zuerst.proinfirmis.ch\/pois\/detail\/26101&#8243; align=&#8221;center&#8221; _builder_version=&#8221;4.25.0&#8243; _module_preset=&#8221;default&#8221; custom_margin=&#8221;||38px||false|false&#8221; custom_padding=&#8221;||||false|false&#8221; global_colors_info=&#8221;{}&#8221;][\/et_pb_image][et_pb_button url_new_window=&#8221;on&#8221; button_text=&#8221;Il Menu del Ristorante Castelgrande&#8221; button_alignment=&#8221;center&#8221; disabled_on=&#8221;off|off|off&#8221; admin_label=&#8221;Bottone &#8211; La Carta del Ristorante Castelgrande&#8221; _builder_version=&#8221;4.27.6&#8243; _module_preset=&#8221;default&#8221; custom_button=&#8221;on&#8221; button_text_color=&#8221;#948953&#8243; button_border_color=&#8221;#948953&#8243; button_font=&#8221;||||||||&#8221; hover_enabled=&#8221;0&#8243; global_colors_info=&#8221;{}&#8221; button_bg_color__hover_enabled=&#8221;on&#8221; button_bg_color__hover=&#8221;#948953&#8243; button_text_color__hover_enabled=&#8221;on&#8221; button_text_color__hover=&#8221;#ffffff&#8221; button_url=&#8221;https:\/\/castelgrande.ch\/wp-content\/uploads\/2026\/04\/04.2026-RCG-IT-DE-1.pdf&#8221; sticky_enabled=&#8221;0&#8243;][\/et_pb_button][et_pb_code disabled_on=&#8221;on|on|on&#8221; _builder_version=&#8221;4.25.1&#8243; _module_preset=&#8221;default&#8221; custom_padding=&#8221;||80px|||&#8221; overflow-x_tablet=&#8221;&#8221; overflow-x_phone=&#8221;&#8221; overflow-x_last_edited=&#8221;on|phone&#8221; disabled=&#8221;on&#8221; global_colors_info=&#8221;{}&#8221;]<script src=\"https:\/\/mytools.aleno.me\/reservations\/v2.0\/reservations.js\"><\/script><!-- [et_pb_line_break_holder] --><link href=\"https:\/\/mytools.aleno.me\/reservations\/v2.0\/reservations.css\" rel=\"stylesheet\"><!-- [et_pb_line_break_holder] --><iframe src=\"https:\/\/mytools.aleno.me\/reservations\/v2.0\/reservations.html?k=eyJrIjoid2l2dTVrM2lsNm15cnBiOWlwdzZ4bmViajhycnVkaWRpZ280bGZwODBsbzlhNGlweTEiLCJyIjoiUTdGY0hUNWZhZXVCUFNOVGgiLCJzIjoiaHR0cHM6Ly9teXRvb2xzLmFsZW5vLm1lLyJ9\" style=\"width: 500px; height: 700px; margin: 0 auto; display: block;\"><!-- [et_pb_line_break_holder] -->  <!-- [et_pb_line_break_holder] --><\/iframe>[\/et_pb_code][et_pb_text disabled_on=&#8221;on|on|on&#8221; _builder_version=&#8221;4.27.0&#8243; _module_preset=&#8221;default&#8221; custom_margin=&#8221;||38px||false|false&#8221; custom_padding=&#8221;||2px||false|false&#8221; disabled=&#8221;on&#8221; inline_fonts=&#8221;ABeeZee&#8221; global_colors_info=&#8221;{}&#8221;]<\/p>\n<h4 style=\"text-align: center;\"><span style=\"font-family: ABeeZee; font-weight: normal; color: #000000;\">Per riservazioni da 8 persone cortesemente contattateci<\/span><\/h4>\n<h4 style=\"text-align: center;\"><span style=\"font-family: ABeeZee; font-weight: normal; color: #000000;\">tel.: <strong>091 814 87 81<\/strong><\/span><\/h4>\n<h4 style=\"text-align: center;\"><span style=\"font-family: ABeeZee; font-weight: normal; color: #000000;\">mail: <strong>ristorante@castelgrande.ch<\/strong><\/span><\/h4>\n<h4 style=\"text-align: center;\"><\/h4>\n<p>[\/et_pb_text][et_pb_code _builder_version=&#8221;4.27.0&#8243; _module_preset=&#8221;default&#8221; width=&#8221;52%&#8221; module_alignment=&#8221;center&#8221; global_colors_info=&#8221;{}&#8221;]<\/p>\n<div id=\"TA_cdswritereviewlg475\" class=\"TA_cdswritereviewlg\">\n<ul id=\"6vbPbadm\" class=\"TA_links Jaxlf8LmFwV\">\n<li id=\"cQRTswwf8\" class=\"Cht2Cobjk\"><a target=\"_blank\" href=\"https:\/\/www.tripadvisor.com\/Restaurant_Review-g188093-d23140632-Reviews-Ristorante_Castelgrande-Bellinzona_Canton_of_Ticino_Swiss_Alps.html\" rel=\"noopener\"><img decoding=\"async\" src=\"https:\/\/static.tacdn.com\/img2\/brand_refresh\/Tripadvisor_lockup_horizontal_secondary_registered.svg\" alt=\"TripAdvisor\"\/><\/a><\/li>\n<\/ul>\n<\/div>\n<p><script async src=\"https:\/\/www.jscache.com\/wejs?wtype=cdswritereviewlg&#038;uniq=475&#038;locationId=23140632&#038;lang=it_IT&#038;lang=it_IT&#038;display_version=2\" data-loadtrk onload=\"this.loadtrk=true\"><\/script><!-- [et_pb_line_break_holder] --><\/p>\n<style><!-- [et_pb_line_break_holder] -->\t#TA_cdswritereviewlg475 {<!-- [et_pb_line_break_holder] -->\t\tmargin: 50px 0 100px 0;<!-- [et_pb_line_break_holder] -->\t}<!-- [et_pb_line_break_holder] -->\t#TA_cdswritereviewlg475 > #CDSWIDWRL {<!-- [et_pb_line_break_holder] -->\t\tmax-width: none;<!-- [et_pb_line_break_holder] -->\t\twidth: auto;<!-- [et_pb_line_break_holder] -->\t}<!-- [et_pb_line_break_holder] -->\t#TA_cdswritereviewlg475 > #CDSWIDWRL,<!-- [et_pb_line_break_holder] -->\t#TA_cdswritereviewlg475 > #CDSWIDWRL * {<!-- [et_pb_line_break_holder] -->\t\ttext-align: center;<!-- [et_pb_line_break_holder] -->\t\tmargin-left: auto;<!-- [et_pb_line_break_holder] -->\t\tmargin-right: auto;<!-- [et_pb_line_break_holder] -->\t\tfloat: none;<!-- [et_pb_line_break_holder] -->    font-size: 14px;<!-- [et_pb_line_break_holder] -->\t}<!-- [et_pb_line_break_holder] -->  #TA_cdswritereviewlg475 > #CDSWIDWRL img {<!-- [et_pb_line_break_holder] -->    height: 50px;<!-- [et_pb_line_break_holder] -->  }<!-- [et_pb_line_break_holder] --><\/style>\n<p>[\/et_pb_code][et_pb_blog posts_number=&#8221;4&#8243; include_categories=&#8221;8&#8243; meta_date=&#8221;j F Y&#8221; show_author=&#8221;off&#8221; show_categories=&#8221;off&#8221; show_pagination=&#8221;off&#8221; use_overlay=&#8221;on&#8221; overlay_icon_color=&#8221;#ffffff&#8221; hover_overlay_color=&#8221;rgba(255,255,255,0.4)&#8221; hover_icon=&#8221;&#x55;||divi||400&#8243; module_id=&#8221;ristorante-castelgrande-posts&#8221; _builder_version=&#8221;4.22.2&#8243; width=&#8221;99.7%&#8221; custom_margin=&#8221;|-117px||||&#8221; link_option_url=&#8221;https:\/\/www.gaultmillau.ch\/fr\/restaurants\/ristorante-castelgrande-244472&#8243; use_border_color=&#8221;off&#8221; border_color=&#8221;#ffffff&#8221; border_style=&#8221;solid&#8221; use_dropshadow=&#8221;off&#8221; saved_tabs=&#8221;all&#8221; global_colors_info=&#8221;{}&#8221;][\/et_pb_blog][\/et_pb_column][\/et_pb_row][\/et_pb_section][et_pb_section fb_built=&#8221;1&#8243; _builder_version=&#8221;4.25.0&#8243; _module_preset=&#8221;default&#8221; global_colors_info=&#8221;{}&#8221;][\/et_pb_section]<\/p>\n","protected":false},"excerpt":{"rendered":"<p>Ristorante Castelgrande gi\u00e0 vissuto un&#8217;esperienza gastronomica in un castello? &nbsp;<\/p>\n","protected":false},"author":4,"featured_media":0,"parent":0,"menu_order":0,"comment_status":"closed","ping_status":"closed","template":"","meta":{"_et_pb_use_builder":"on","_et_pb_old_content":"","_et_gb_content_width":"","footnotes":""},"class_list":["post-59","page","type-page","status-publish","hentry"],"_links":{"self":[{"href":"https:\/\/castelgrande.ch\/index.php?rest_route=\/wp\/v2\/pages\/59","targetHints":{"allow":["GET"]}}],"collection":[{"href":"https:\/\/castelgrande.ch\/index.php?rest_route=\/wp\/v2\/pages"}],"about":[{"href":"https:\/\/castelgrande.ch\/index.php?rest_route=\/wp\/v2\/types\/page"}],"author":[{"embeddable":true,"href":"https:\/\/castelgrande.ch\/index.php?rest_route=\/wp\/v2\/users\/4"}],"replies":[{"embeddable":true,"href":"https:\/\/castelgrande.ch\/index.php?rest_route=%2Fwp%2Fv2%2Fcomments&post=59"}],"version-history":[{"count":361,"href":"https:\/\/castelgrande.ch\/index.php?rest_route=\/wp\/v2\/pages\/59\/revisions"}],"predecessor-version":[{"id":9386,"href":"https:\/\/castelgrande.ch\/index.php?rest_route=\/wp\/v2\/pages\/59\/revisions\/9386"}],"wp:attachment":[{"href":"https:\/\/castelgrande.ch\/index.php?rest_route=%2Fwp%2Fv2%2Fmedia&parent=59"}],"curies":[{"name":"wp","href":"https:\/\/api.w.org\/{rel}","templated":true}]}}