{"id":37,"date":"2017-04-12T14:28:42","date_gmt":"2017-04-12T12:28:42","guid":{"rendered":"https:\/\/castelgrande.ch\/?page_id=37"},"modified":"2025-11-05T12:59:59","modified_gmt":"2025-11-05T11:59:59","slug":"home","status":"publish","type":"page","link":"https:\/\/castelgrande.ch\/","title":{"rendered":"Home"},"content":{"rendered":"<p>[et_pb_section fb_built=&#8221;1&#8243; fullwidth=&#8221;on&#8221; admin_label=&#8221;Sezione&#8221; _builder_version=&#8221;3.22&#8243; custom_padding=&#8221;0px|0px|0px|0px&#8221; transparent_background=&#8221;off&#8221; global_module=&#8221;6236&#8243; saved_tabs=&#8221;all&#8221; global_colors_info=&#8221;{}&#8221;][et_pb_fullwidth_slider admin_label=&#8221;Slider a Larghezza Piena&#8221; _builder_version=&#8221;4.21.0&#8243; background_color=&#8221;#ffffff&#8221; background_image=&#8221;https:\/\/castelgrande.ch\/wp-content\/uploads\/2019\/11\/2-min.jpg&#8221; background_size=&#8221;contain&#8221; custom_padding=&#8221;|||&#8221; custom_padding_tablet=&#8221;|||&#8221; custom_padding_phone=&#8221;|||&#8221; auto=&#8221;on&#8221; auto_speed=&#8221;3000&#8243; hover_transition_duration=&#8221;2000ms&#8221; hover_transition_delay=&#8221;300ms&#8221; remove_inner_shadow=&#8221;off&#8221; hide_content_on_mobile=&#8221;off&#8221; hide_cta_on_mobile=&#8221;off&#8221; show_inner_shadow=&#8221;on&#8221; button_letter_spacing_hover=&#8221;0&#8243; global_colors_info=&#8221;{}&#8221; button_text_size__hover_enabled=&#8221;off&#8221; button_one_text_size__hover_enabled=&#8221;off&#8221; button_two_text_size__hover_enabled=&#8221;off&#8221; button_text_color__hover_enabled=&#8221;off&#8221; button_one_text_color__hover_enabled=&#8221;off&#8221; button_two_text_color__hover_enabled=&#8221;off&#8221; button_border_width__hover_enabled=&#8221;off&#8221; button_one_border_width__hover_enabled=&#8221;off&#8221; button_two_border_width__hover_enabled=&#8221;off&#8221; button_border_color__hover_enabled=&#8221;off&#8221; button_one_border_color__hover_enabled=&#8221;off&#8221; button_two_border_color__hover_enabled=&#8221;off&#8221; button_border_radius__hover_enabled=&#8221;off&#8221; button_one_border_radius__hover_enabled=&#8221;off&#8221; button_two_border_radius__hover_enabled=&#8221;off&#8221; button_letter_spacing__hover_enabled=&#8221;on&#8221; button_letter_spacing__hover=&#8221;0&#8243; button_one_letter_spacing__hover_enabled=&#8221;off&#8221; button_two_letter_spacing__hover_enabled=&#8221;off&#8221; button_bg_color__hover_enabled=&#8221;off&#8221; button_one_bg_color__hover_enabled=&#8221;off&#8221; button_two_bg_color__hover_enabled=&#8221;off&#8221;][et_pb_slide admin_title=&#8221;Castelgrande vista corte del castagno&#8221; _builder_version=&#8221;4.21.0&#8243; background_color=&#8221;#ffffff&#8221; background_image=&#8221;https:\/\/castelgrande.ch\/wp-content\/uploads\/2023\/06\/Castelgrande.jpg&#8221; background_enable_image=&#8221;on&#8221; button_icon_placement=&#8221;right&#8221; button_on_hover=&#8221;on&#8221; custom_css_main_element=&#8221;background-position: center !important;||background-size: 100% !important;&#8221; global_colors_info=&#8221;{}&#8221; button_letter_spacing__hover_enabled=&#8221;off&#8221; sticky_transition=&#8221;on&#8221;][\/et_pb_slide][et_pb_slide admin_title=&#8221;Castello vista notte sul Grotto&#8221; _builder_version=&#8221;4.16&#8243; background_color=&#8221;#ffffff&#8221; background_image=&#8221;https:\/\/castelgrande.ch\/wp-content\/uploads\/2019\/11\/1-min-1.jpg&#8221; button_icon_placement=&#8221;right&#8221; button_on_hover=&#8221;on&#8221; hover_transition_speed_curve=&#8221;linear&#8221; custom_css_main_element=&#8221;background-position: center !important;||background-size: 100% !important;&#8221; global_colors_info=&#8221;{}&#8221; button_letter_spacing__hover_enabled=&#8221;off&#8221; sticky_transition=&#8221;on&#8221;][\/et_pb_slide][et_pb_slide admin_title=&#8221;Castello vista giorno sul Grotto&#8221; _builder_version=&#8221;4.16&#8243; background_color=&#8221;#ffffff&#8221; background_image=&#8221;https:\/\/castelgrande.ch\/wp-content\/uploads\/2022\/01\/3.jpg&#8221; button_icon_placement=&#8221;right&#8221; button_on_hover=&#8221;on&#8221; custom_css_main_element=&#8221;background-position: center !important;||background-size: 100% !important;&#8221; global_colors_info=&#8221;{}&#8221; button_letter_spacing__hover_enabled=&#8221;off&#8221; sticky_transition=&#8221;on&#8221;][\/et_pb_slide][et_pb_slide admin_title=&#8221;Fortezza di Bellinzona di notte&#8221; _builder_version=&#8221;4.21.0&#8243; background_color=&#8221;#ffffff&#8221; background_image=&#8221;https:\/\/castelgrande.ch\/wp-content\/uploads\/2023\/06\/Castelli-di-Bellinzona.jpg&#8221; background_enable_image=&#8221;on&#8221; button_icon_placement=&#8221;right&#8221; button_on_hover=&#8221;on&#8221; custom_css_main_element=&#8221;background-position: center !important;||background-size: 100% !important;&#8221; global_colors_info=&#8221;{}&#8221; button_letter_spacing__hover_enabled=&#8221;off&#8221; sticky_transition=&#8221;on&#8221;][\/et_pb_slide][\/et_pb_fullwidth_slider][\/et_pb_section][et_pb_section fb_built=&#8221;1&#8243; admin_label=&#8221;Sezione&#8221; _builder_version=&#8221;4.16&#8243; global_colors_info=&#8221;{}&#8221;][et_pb_row admin_label=&#8221;Riga&#8221; _builder_version=&#8221;4.16&#8243; background_size=&#8221;initial&#8221; background_position=&#8221;top_left&#8221; background_repeat=&#8221;repeat&#8221; min_height=&#8221;130px&#8221; custom_padding=&#8221;||0px|||&#8221; global_colors_info=&#8221;{}&#8221;][et_pb_column type=&#8221;4_4&#8243; _builder_version=&#8221;4.16&#8243; custom_padding=&#8221;|||&#8221; global_colors_info=&#8221;{}&#8221; custom_padding__hover=&#8221;|||&#8221;][et_pb_text admin_label=&#8221;Testo&#8221; _builder_version=&#8221;4.21.0&#8243; header_text_color=&#8221;#232323&#8243; background_size=&#8221;initial&#8221; background_position=&#8221;top_left&#8221; background_repeat=&#8221;repeat&#8221; min_height=&#8221;1px&#8221; custom_margin=&#8221;||13px|||&#8221; custom_padding=&#8221;||2px|||&#8221; use_border_color=&#8221;off&#8221; border_color=&#8221;#ffffff&#8221; border_style=&#8221;solid&#8221; inline_fonts=&#8221;ABeeZee&#8221; global_colors_info=&#8221;{}&#8221;]<\/p>\n<h1 style=\"font-size: 50px; text-align: center;\"><span style=\"font-family: ABeeZee; font-weight: normal; color: #000000;\">Ben arrivati a Castelgrande<\/span><\/h1>\n<h1 style=\"font-size: 50px; text-align: center;\"><span style=\"color: #000000;\"><span style=\"font-family: ABeeZee; font-weight: normal;\"><\/span><span style=\"font-size: x-large;\"><em style=\"font-family: ABeeZee;\">un caloroso benvenuto da tutto il nostro team<\/em><\/span><\/span><\/h1>\n<p>&nbsp;<\/p>\n<h1 style=\"font-size: 50px; text-align: center;\"><a href=\"https:\/\/www.unesco.org\/en\"><\/a><\/h1>\n<p><span style=\"font-family: ABeeZee; font-weight: normal;\"><\/span><\/p>\n<p>[\/et_pb_text][\/et_pb_column][\/et_pb_row][et_pb_row column_structure=&#8221;1_3,1_3,1_3&#8243; _builder_version=&#8221;4.25.0&#8243; _module_preset=&#8221;default&#8221; global_colors_info=&#8221;{}&#8221;][et_pb_column type=&#8221;1_3&#8243; _builder_version=&#8221;4.25.0&#8243; _module_preset=&#8221;default&#8221; global_colors_info=&#8221;{}&#8221;][et_pb_image src=&#8221;https:\/\/castelgrande.ch\/wp-content\/uploads\/2025\/04\/125_20q_01_swisstainable_2_engaged_RGB.png&#8221; title_text=&#8221;125_20q_01_swisstainable_2_engaged_RGB&#8221; url=&#8221;https:\/\/www.myswitzerland.com\/it-ch\/pianificazione\/informazioni-sulla-svizzera\/sostenibilita\/&#8221; _builder_version=&#8221;4.27.4&#8243; _module_preset=&#8221;default&#8221; custom_padding=&#8221;|||155px||&#8221; global_colors_info=&#8221;{}&#8221;][\/et_pb_image][\/et_pb_column][et_pb_column type=&#8221;1_3&#8243; _builder_version=&#8221;4.25.0&#8243; _module_preset=&#8221;default&#8221; global_colors_info=&#8221;{}&#8221;][et_pb_image src=&#8221;https:\/\/castelgrande.ch\/wp-content\/uploads\/2023\/05\/loghi-unesco.jpg&#8221; title_text=&#8221;loghi unesco&#8221; url=&#8221;https:\/\/www.unesco.org\/en&#8221; align=&#8221;center&#8221; _builder_version=&#8221;4.25.0&#8243; _module_preset=&#8221;default&#8221; global_colors_info=&#8221;{}&#8221;][\/et_pb_image][\/et_pb_column][et_pb_column type=&#8221;1_3&#8243; _builder_version=&#8221;4.25.0&#8243; _module_preset=&#8221;default&#8221; global_colors_info=&#8221;{}&#8221;][et_pb_image src=&#8221;https:\/\/castelgrande.ch\/wp-content\/uploads\/2024\/05\/OKGO-1.png-1-150&#215;150.png&#8221; title_text=&#8221;OKGO.png&#8221; url=&#8221;https:\/\/www.stv-fst.ch\/it\/sostenibilita\/centro-di-competenza\/iniziativa-okgo&#8221; align=&#8221;center&#8221; _builder_version=&#8221;4.25.1&#8243; _module_preset=&#8221;default&#8221; width=&#8221;100%&#8221; min_height=&#8221;147px&#8221; custom_margin=&#8221;-2px||11px|-44px||&#8221; custom_padding=&#8221;|160px|0px||false|false&#8221; global_colors_info=&#8221;{}&#8221;][\/et_pb_image][\/et_pb_column][\/et_pb_row][et_pb_row admin_label=&#8221;Riga&#8221; _builder_version=&#8221;4.16&#8243; background_size=&#8221;initial&#8221; background_position=&#8221;top_left&#8221; background_repeat=&#8221;repeat&#8221; min_height=&#8221;1029.4px&#8221; custom_padding=&#8221;0px|||||&#8221; global_colors_info=&#8221;{}&#8221;][et_pb_column type=&#8221;4_4&#8243; _builder_version=&#8221;4.16&#8243; custom_padding=&#8221;|||&#8221; global_colors_info=&#8221;{}&#8221; custom_padding__hover=&#8221;|||&#8221;][et_pb_text admin_label=&#8221;Corpo pagina&#8221; _builder_version=&#8221;4.19.4&#8243; background_size=&#8221;initial&#8221; background_position=&#8221;top_left&#8221; background_repeat=&#8221;repeat&#8221; min_height=&#8221;256px&#8221; custom_padding=&#8221;8px|||||&#8221; custom_css_main_element=&#8221;margin-bottom: 30px !important;&#8221; use_border_color=&#8221;off&#8221; border_color=&#8221;#ffffff&#8221; border_style=&#8221;solid&#8221; global_colors_info=&#8221;{}&#8221;]<\/p>\n<h4 style=\"text-align: justify;\"><span style=\"font-size: large; font-family: ABeeZee; font-weight: normal; color: #000000;\">Dal 2011 la <strong>Scuola specializzata superiore alberghiera e del turismo<\/strong> (SSSAT) di Bellinzona gestisce le attivit\u00e0 di ristorazione e<\/span><\/h4>\n<h4 style=\"text-align: justify;\"><span style=\"font-size: large; font-family: ABeeZee; font-weight: normal; color: #000000;\"> banqueting a Castelgrande.<\/span><\/h4>\n<h4 style=\"text-align: justify;\"><span style=\"color: #000000;\"><span style=\"font-size: large; font-family: ABeeZee; font-weight: normal;\"><\/span><span style=\"font-size: large; font-family: ABeeZee; font-weight: normal;\">Il nostro obiettivo \u00e8 quello di creare uno spazio di svolgimento delle attivit\u00e0 di pratica e di apprendimento per gli studenti che <\/span><\/span><\/h4>\n<h4 style=\"text-align: justify;\"><span style=\"font-size: large; font-family: ABeeZee; font-weight: normal; color: #000000;\">frequentano la sezione alberghiera. Viene loro offerta la possibilit\u00e0 di fare esperienza al di fuori dell&#8217;ambiente scolastico <\/span><\/h4>\n<h4 style=\"text-align: justify;\"><span style=\"font-size: large; font-family: ABeeZee; font-weight: normal; color: #000000;\">stando a contatto diretto con la clientela.<\/span><\/h4>\n<h4 style=\"text-align: justify;\"><span style=\"font-size: large; font-family: ABeeZee; font-weight: normal; color: #000000;\"><\/span><\/h4>\n<h4 style=\"text-align: justify;\"><span style=\"font-size: large; font-family: ABeeZee; font-weight: normal; color: #000000;\">L&#8217;offerta di ristorazione consiste in due ristoranti:<\/span><\/h4>\n<p style=\"text-align: justify;\"><span style=\"font-size: large; font-family: ABeeZee; font-weight: normal; color: #000000;\"><strong>Ristorante Castelgrande<\/strong>, citato dalle guide gastronomiche Gault Millau con 15 punti, Guide Bleu con 7\/10 e <\/span><span style=\"color: #000000; font-size: large;\"><span style=\"font-family: ABeeZee; font-weight: normal;\">Falstaff <\/span>con 89\/100 (fino a 40 ospiti), propone una cucina gastronomica che unisce tradizione e innovazione, con un focus sulla qualit\u00e0 degli ingredienti e la stagionalit\u00e0. I suoi piatti raffinati combinano tecnica e creativit\u00e0, rispettando le tradizioni locali mentre esplorano nuovi sapori.<\/span><\/p>\n<h4 style=\"text-align: justify;\"><span style=\"font-family: ABeeZee; font-weight: normal; font-size: large; color: #000000;\"><strong><\/strong><\/span><\/h4>\n<h4 style=\"text-align: justify;\"><span style=\"font-family: ABeeZee; font-weight: normal; font-size: large; color: #000000;\"><strong>Grotto San Michele<\/strong>, con la sua terrazza panoramica (fino a 60 ospiti) e la caratteristica sala a volta (fino a 30 ospiti), <\/span><\/h4>\n<h4 style=\"text-align: justify;\"><span style=\"font-family: ABeeZee; font-weight: normal; font-size: large; color: #000000;\">propone piatti tipici e locali.<\/span><\/h4>\n<h4 style=\"text-align: justify;\"><span style=\"font-family: ABeeZee; font-weight: normal; font-size: large; color: #000000;\"><\/span><\/h4>\n<h4 style=\"text-align: justify;\"><span style=\"font-size: large; font-family: ABeeZee; font-weight: normal; color: #000000;\">L&#8217;offerta di banqueting \u00e8 proposta nella <strong>Sala Banchetti<\/strong> (fino a 120 ospiti): luogo ideale per riunioni con pausa caff\u00e8, pranzi o <\/span><\/h4>\n<h4 style=\"text-align: justify;\"><span style=\"color: #000000; font-family: ABeeZee; font-size: large;\">cene aziendali, standing, matrimoni e manifestazioni\u00a0speciali.<\/span><\/h4>\n<h4 style=\"text-align: justify;\"><span style=\"font-size: large; font-family: ABeeZee; font-weight: normal; color: #000000;\"><\/span><\/h4>\n<h4 style=\"text-align: justify;\"><span style=\"font-size: large; font-family: ABeeZee; font-weight: normal; color: #000000;\">Da novembre 2000 Castelgrande ed i vicini castelli Montebello e Sasso Corbaro fanno parte del patrimonio mondiale <\/span><\/h4>\n<h4 style=\"text-align: justify;\"><span style=\"font-size: large; font-family: ABeeZee; font-weight: normal; color: #000000;\">dell&#8217;UNESCO.<\/span><\/h4>\n<h4 style=\"text-align: justify;\"><span style=\"font-size: large; font-family: ABeeZee; font-weight: normal; color: #000000;\">Completano la suggestiva cornice i vigneti che delimitano le mura del castello coltivati ad uva merlot dall&#8217;Azienda agraria <\/span><\/h4>\n<h4 style=\"text-align: justify;\"><span style=\"font-size: large; font-family: ABeeZee; font-weight: normal; color: #000000;\">cantonale di Mezzana.<\/span><\/h4>\n<h4><span style=\"font-family: ABeeZee; font-weight: normal; color: #000000;\"><strong><span style=\"font-size: large;\"><\/span><\/strong><\/span><\/h4>\n<h4><span style=\"font-family: ABeeZee; font-weight: normal; color: #000000;\"><strong><span style=\"font-size: large;\"><\/span><\/strong><\/span><\/h4>\n<h4><span style=\"font-family: ABeeZee; font-weight: normal; color: #000000;\"><strong><span style=\"font-size: large;\"><\/span><\/strong><\/span><\/h4>\n<h1 style=\"text-align: center;\"><strong><em><span style=\"font-family: ABeeZee; font-size: x-large;\"><span style=\"color: #000000;\">Tutto questo \u00e8 Castelgrande: un&#8217;esperienza variegata sotto lo stesso tetto!<\/span><\/span><\/em><\/strong><\/h1>\n<h4 style=\"text-align: center;\"><span style=\"font-family: ABeeZee; font-weight: normal; color: #000000;\"><strong><\/strong><\/span><\/h4>\n<h4 style=\"text-align: center;\"><span style=\"font-family: ABeeZee; font-weight: normal; color: #000000;\"><strong><\/strong><\/span><\/h4>\n<h4 style=\"text-align: center;\"><span style=\"font-family: ABeeZee; font-weight: normal; color: #000000;\"><strong><\/strong><\/span><\/h4>\n<h4 style=\"text-align: center;\"><\/h4>\n<p>[\/et_pb_text][et_pb_blog fullwidth=&#8221;off&#8221; posts_number=&#8221;2&#8243; include_categories=&#8221;13&#8243; show_more=&#8221;on&#8221; show_author=&#8221;off&#8221; show_date=&#8221;off&#8221; show_categories=&#8221;off&#8221; show_pagination=&#8221;off&#8221; use_overlay=&#8221;on&#8221; overlay_icon_color=&#8221;#ffffff&#8221; hover_overlay_color=&#8221;rgba(255,255,255,0.3)&#8221; hover_icon=&#8221;&#x55;||divi||400&#8243; admin_label=&#8221;Blog&#8221; module_class=&#8221;home-blog&#8221; _builder_version=&#8221;4.27.4&#8243; min_height=&#8221;321.4px&#8221; hover_enabled=&#8221;0&#8243; custom_css_before=&#8221;margin-top: 50px;&#8221; use_border_color=&#8221;off&#8221; border_color=&#8221;#ffffff&#8221; border_style=&#8221;solid&#8221; use_dropshadow=&#8221;off&#8221; global_colors_info=&#8221;{}&#8221; sticky_enabled=&#8221;0&#8243; link_option_url_new_window=&#8221;on&#8221;][\/et_pb_blog][\/et_pb_column][\/et_pb_row][\/et_pb_section]<\/p>\n","protected":false},"excerpt":{"rendered":"<p>Ben arrivati a Castelgrande un caloroso benvenuto da tutto il nostro team &nbsp; Dal 2011 la Scuola specializzata superiore alberghiera e del turismo (SSSAT) di Bellinzona gestisce le attivit\u00e0 di ristorazione e banqueting a Castelgrande. Il nostro obiettivo \u00e8 quello di creare uno spazio di svolgimento delle attivit\u00e0 di pratica e di apprendimento per gli [&hellip;]<\/p>\n","protected":false},"author":4,"featured_media":0,"parent":0,"menu_order":0,"comment_status":"closed","ping_status":"closed","template":"","meta":{"_et_pb_use_builder":"on","_et_pb_old_content":"","_et_gb_content_width":"","footnotes":""},"class_list":["post-37","page","type-page","status-publish","hentry"],"_links":{"self":[{"href":"https:\/\/castelgrande.ch\/index.php?rest_route=\/wp\/v2\/pages\/37","targetHints":{"allow":["GET"]}}],"collection":[{"href":"https:\/\/castelgrande.ch\/index.php?rest_route=\/wp\/v2\/pages"}],"about":[{"href":"https:\/\/castelgrande.ch\/index.php?rest_route=\/wp\/v2\/types\/page"}],"author":[{"embeddable":true,"href":"https:\/\/castelgrande.ch\/index.php?rest_route=\/wp\/v2\/users\/4"}],"replies":[{"embeddable":true,"href":"https:\/\/castelgrande.ch\/index.php?rest_route=%2Fwp%2Fv2%2Fcomments&post=37"}],"version-history":[{"count":173,"href":"https:\/\/castelgrande.ch\/index.php?rest_route=\/wp\/v2\/pages\/37\/revisions"}],"predecessor-version":[{"id":9084,"href":"https:\/\/castelgrande.ch\/index.php?rest_route=\/wp\/v2\/pages\/37\/revisions\/9084"}],"wp:attachment":[{"href":"https:\/\/castelgrande.ch\/index.php?rest_route=%2Fwp%2Fv2%2Fmedia&parent=37"}],"curies":[{"name":"wp","href":"https:\/\/api.w.org\/{rel}","templated":true}]}}